{"id":34,"date":"2019-04-23T18:25:27","date_gmt":"2019-04-23T16:25:27","guid":{"rendered":"http:\/\/gitespleven.fr\/?page_id=34"},"modified":"2019-08-03T10:40:15","modified_gmt":"2019-08-03T08:40:15","slug":"qui-sommes-nous","status":"publish","type":"page","link":"https:\/\/gitespleven.fr\/?page_id=34","title":{"rendered":"Qui sommes nous ?"},"content":{"rendered":"\n<p>\nSylvie et Christian, jeunes retrait\u00e9s ont cr\u00e9e cette structure pour\nvous faire d\u00e9couvrir les C\u00f4tes d\u2019Armor au sein d\u2019un site\nnaturel prot\u00e9g\u00e9 qui vous apportera d\u00e9tente et s\u00e9r\u00e9nit\u00e9.<\/p>\n\n\n\n<p>Christian, passionn\u00e9\nde botanique et amateur de vins pourra vous conseiller sur leur\nchoix.<\/p>\n\n\n\n<p>Olivier, leur fils\na\u00een\u00e9, participe \u00e0 l\u2019entretien du jardin et des locaux ainsi qu\u2019\u00e0\nl\u2019accueil.<\/p>\n","protected":false},"excerpt":{"rendered":"<p>Sylvie et Christian, jeunes retrait\u00e9s ont cr\u00e9e cette structure pour vous faire d\u00e9couvrir les C\u00f4tes d\u2019Armor au sein d\u2019un site naturel prot\u00e9g\u00e9 qui vous apportera d\u00e9tente et s\u00e9r\u00e9nit\u00e9. Christian, passionn\u00e9 de botanique et amateur de vins pourra vous conseiller sur leur choix. Olivier, leur fils a\u00een\u00e9, participe \u00e0 l\u2019entretien du jardin et des locaux ainsi [&hellip;]<\/p>\n","protected":false},"author":1,"featured_media":0,"parent":0,"menu_order":0,"comment_status":"closed","ping_status":"closed","template":"","meta":[],"_links":{"self":[{"href":"https:\/\/gitespleven.fr\/index.php?rest_route=\/wp\/v2\/pages\/34"}],"collection":[{"href":"https:\/\/gitespleven.fr\/index.php?rest_route=\/wp\/v2\/pages"}],"about":[{"href":"https:\/\/gitespleven.fr\/index.php?rest_route=\/wp\/v2\/types\/page"}],"author":[{"embeddable":true,"href":"https:\/\/gitespleven.fr\/index.php?rest_route=\/wp\/v2\/users\/1"}],"replies":[{"embeddable":true,"href":"https:\/\/gitespleven.fr\/index.php?rest_route=%2Fwp%2Fv2%2Fcomments&post=34"}],"version-history":[{"count":1,"href":"https:\/\/gitespleven.fr\/index.php?rest_route=\/wp\/v2\/pages\/34\/revisions"}],"predecessor-version":[{"id":35,"href":"https:\/\/gitespleven.fr\/index.php?rest_route=\/wp\/v2\/pages\/34\/revisions\/35"}],"wp:attachment":[{"href":"https:\/\/gitespleven.fr\/index.php?rest_route=%2Fwp%2Fv2%2Fmedia&parent=34"}],"curies":[{"name":"wp","href":"https:\/\/api.w.org\/{rel}","templated":true}]}}